{"id":355,"date":"2024-03-01T19:38:51","date_gmt":"2024-03-01T19:38:51","guid":{"rendered":"https:\/\/tresenrayaavila.es\/?page_id=355"},"modified":"2024-12-17T12:56:45","modified_gmt":"2024-12-17T11:56:45","slug":"sobre-nosotras","status":"publish","type":"page","link":"https:\/\/tresenrayaavila.es\/en\/sobre-nosotras\/","title":{"rendered":"Sobre nosotras"},"content":{"rendered":"<h1 class=\"wp-block-heading\">Vistiendo sue\u00f1os de infancia<\/h1>\n\n\n\n<h2 class=\"wp-block-heading has-text-align-center\">Descubre la ropa m\u00e1s c\u00f3moda y estilosa para que tus hijos disfruten de cada aventura<\/h2>\n\n\n\n<p><strong>Moda infantil con estilo y comodidad para que tus hijos disfruten al m\u00e1ximo de cada momento<\/strong><\/p>\n\n\n\n<div class=\"wp-block-buttons is-layout-flex wp-block-buttons-is-layout-flex\">\n<div class=\"wp-block-button\"><a class=\"wp-block-button__link wp-element-button\">Reservar cita<\/a><\/div>\n<\/div>\n\n\n\n<figure class=\"wp-block-image size-full\"><img loading=\"lazy\" decoding=\"async\" width=\"1707\" height=\"2560\" src=\"https:\/\/tresenrayaavila.es\/wp-content\/uploads\/2024\/03\/kevin-gent-mvk7pnnlulc-scaled.jpg\" alt=\"\" class=\"wp-image-368\" srcset=\"https:\/\/tresenrayaavila.es\/wp-content\/uploads\/2024\/03\/kevin-gent-mvk7pnnlulc-scaled.jpg 1707w, https:\/\/tresenrayaavila.es\/wp-content\/uploads\/2024\/03\/kevin-gent-mvk7pnnlulc-200x300.jpg 200w, https:\/\/tresenrayaavila.es\/wp-content\/uploads\/2024\/03\/kevin-gent-mvk7pnnlulc-683x1024.jpg 683w, https:\/\/tresenrayaavila.es\/wp-content\/uploads\/2024\/03\/kevin-gent-mvk7pnnlulc-768x1152.jpg 768w, https:\/\/tresenrayaavila.es\/wp-content\/uploads\/2024\/03\/kevin-gent-mvk7pnnlulc-1024x1536.jpg 1024w, https:\/\/tresenrayaavila.es\/wp-content\/uploads\/2024\/03\/kevin-gent-mvk7pnnlulc-1365x2048.jpg 1365w\" sizes=\"auto, (max-width: 1707px) 100vw, 1707px\" \/><\/figure>\n\n\n\n<h4 class=\"wp-block-heading\">Paquita y Esther<\/h4>\n\n\n\n<p>Emprendedoras<\/p>\n\n\n\n<p>En Tres en raya \u00c1vila, nuestra pasi\u00f3n es la moda infantil.<\/p>\n\n\n\n<p>Paqui y Esther, dos hermanas apasionadas por la moda infantil.<\/p>\n\n\n\n<p>Nuestro proyecto nace en el a\u00f1o 1999 como una peque\u00f1a tienda f\u00edsica. A lo largo de todos estos a\u00f1os, hemos crecido y evolucionado, pero nuestra esencia sigue siendo la misma, ofrecer a nuestros clientes una experiencia \u00fanica de compra, con una selecci\u00f3n de las mejores marcas de moda infantil y un servicio exclusivo a cada  cliente.<\/p>\n\n\n\n<p>A lo largo de todos estos a\u00f1os que os hemos acompa\u00f1ado nuestro estilo de tienda y la selecci\u00f3n de nuestros productos ha ido evolucionando y cambiando adapt\u00e1ndonos a las peticiones de nuestros clientes, parte fundamental de nuestro apuesta.<\/p>\n\n\n\n<p>Lo m\u00e1s importante para nosotras es sin duda dar un<strong> servicio \u00fanico y exclusivo<\/strong> a cada uno de nuestros <strong>clientes, escuchando, asesorando y guiando <\/strong> su  proceso de compra para que se convierta en un momento inigualable. Todo ello lo hemos conseguido gracias al trabajo y esfuerzo que hemos dedicado al sector de la moda infantil durante m\u00e1s de 25 a\u00f1os.<\/p>\n\n\n\n<p>Gracias por tu confianza.<\/p>\n\n\n\n<figure class=\"wp-block-image size-full\"><img loading=\"lazy\" decoding=\"async\" width=\"2560\" height=\"1707\" src=\"https:\/\/tresenrayaavila.es\/wp-content\/uploads\/2024\/03\/xavier-mouton-photographie-mrwhskimbjk-scaled.jpg\" alt=\"\" class=\"wp-image-358\" srcset=\"https:\/\/tresenrayaavila.es\/wp-content\/uploads\/2024\/03\/xavier-mouton-photographie-mrwhskimbjk-scaled.jpg 2560w, https:\/\/tresenrayaavila.es\/wp-content\/uploads\/2024\/03\/xavier-mouton-photographie-mrwhskimbjk-300x200.jpg 300w, https:\/\/tresenrayaavila.es\/wp-content\/uploads\/2024\/03\/xavier-mouton-photographie-mrwhskimbjk-1024x683.jpg 1024w, https:\/\/tresenrayaavila.es\/wp-content\/uploads\/2024\/03\/xavier-mouton-photographie-mrwhskimbjk-768x512.jpg 768w, https:\/\/tresenrayaavila.es\/wp-content\/uploads\/2024\/03\/xavier-mouton-photographie-mrwhskimbjk-1536x1024.jpg 1536w, https:\/\/tresenrayaavila.es\/wp-content\/uploads\/2024\/03\/xavier-mouton-photographie-mrwhskimbjk-2048x1365.jpg 2048w\" sizes=\"auto, (max-width: 2560px) 100vw, 2560px\" \/><\/figure>\n\n\n\n<h1 class=\"wp-block-heading\">About us<\/h1>\n\n\n\n<p>Somos mucho m\u00e1s que una simple tienda de ropa. Somos un espacio donde las familias pueden encontrar todo lo que necesitan para vestirte a ti y  a tus hijos con estilo y comodidad.<\/p>\n\n\n\n<h5 class=\"wp-block-heading\">Comuniones<\/h5>\n\n\n\n<h5 class=\"wp-block-heading\">Eventos<\/h5>\n\n\n\n<h5 class=\"wp-block-heading\">Sonrisas<\/h5>\n\n\n\n<h5 class=\"wp-block-heading\">felicitaciones<\/h5>\n\n\n\n<h2 class=\"wp-block-heading has-text-align-center\">M\u00e1s que ropa de ni\u00f1os en \u00c1vila<\/h2>\n\n\n\n<h4 class=\"wp-block-heading\">Adaptaci\u00f3n<\/h4>\n\n\n\n<p>Recuerda que todos las prendas son cuidadas con mimo para que se adapten a las medidas de tu hijo. No olvides que puedes elegir las combinaciones que m\u00e1s se adapten a vosotros y que puedes contar con nuestra ayuda siempre que lo necesites.<\/p>\n\n\n\n<h4 class=\"wp-block-heading\">Exclusividad<\/h4>\n\n\n\n<p>Ofrecemos una selecci\u00f3n de prendas exclusivas que no encontrar\u00e1s en otras tiendas de Avila. Trabajamos con marcas de reconocido prestigio que utilizan materiales de alta calidad y dise\u00f1os \u00fanicos.<\/p>\n\n\n\n<h4 class=\"wp-block-heading\">Comodidad<\/h4>\n\n\n\n<p>Queremos que tus hijos se sientan c\u00f3modos con la ropa que llevan. Por eso, seleccionamos cuidadosamente las prendas y tejidos para que sean transpirables, suaves y se adapten a la perfecci\u00f3n a su cuerpo. <\/p>\n\n\n\n<h4 class=\"wp-block-heading\">Confianza<\/h4>\n\n\n\n<p>Te ofrecemos un servicio de atenci\u00f3n al cliente excepcional. Estamos aqu\u00ed para ayudarte a elegir la ropa perfecta para tus hijos y para resolver cualquier duda que tengas.<\/p>\n\n\n\n<h4 class=\"wp-block-heading\">Asesoramiento<\/h4>\n\n\n\n<p>Ofrecemos un servicio de asesoramiento personalizado para ayudarte a elegir la ropa perfecta para tus hijos. Te ayudaremos a encontrar las prendas que mejor se adapten a su estilo, necesidades y presupuesto.<\/p>\n\n\n\n<h4 class=\"wp-block-heading\">Sostenibilidad<\/h4>\n\n\n\n<p>Estamos comprometidos con la sostenibilidad y el medio ambiente. Por eso, seleccionamos cuidadosamente las marcas que trabajan con materiales sostenibles y procesos de producci\u00f3n respetuosos con el planeta.<\/p>\n\n\n\n<h2 class=\"wp-block-heading has-text-align-center\">la ropa que se querr\u00e1n poner<\/h2>\n\n\n\n<figure class=\"wp-block-image size-large\"><img loading=\"lazy\" decoding=\"async\" width=\"1024\" height=\"683\" src=\"https:\/\/tresenrayaavila.es\/wp-content\/uploads\/2024\/02\/ashton-bingham-sahbl2upxco-1024x683.jpg\" alt=\"\" class=\"wp-image-307\" srcset=\"https:\/\/tresenrayaavila.es\/wp-content\/uploads\/2024\/02\/ashton-bingham-sahbl2upxco-1024x683.jpg 1024w, https:\/\/tresenrayaavila.es\/wp-content\/uploads\/2024\/02\/ashton-bingham-sahbl2upxco-300x200.jpg 300w, https:\/\/tresenrayaavila.es\/wp-content\/uploads\/2024\/02\/ashton-bingham-sahbl2upxco-768x512.jpg 768w, https:\/\/tresenrayaavila.es\/wp-content\/uploads\/2024\/02\/ashton-bingham-sahbl2upxco-1536x1025.jpg 1536w, https:\/\/tresenrayaavila.es\/wp-content\/uploads\/2024\/02\/ashton-bingham-sahbl2upxco-2048x1366.jpg 2048w\" sizes=\"auto, (max-width: 1024px) 100vw, 1024px\" \/><\/figure>\n\n\n\n<figure class=\"wp-block-image size-large\"><img decoding=\"async\" src=\"https:\/\/explorex.bricksplus.io\/wp-content\/uploads\/2024\/01\/Experience-slider-ing-2-1024x640.jpg\" alt=\"\"\/><\/figure>\n\n\n\n<figure class=\"wp-block-image size-large\"><img decoding=\"async\" src=\"https:\/\/explorex.bricksplus.io\/wp-content\/uploads\/2024\/01\/Experience-slider-ing-3-1024x640.jpg\" alt=\"\"\/><\/figure>","protected":false},"excerpt":{"rendered":"<p>Vistiendo sue\u00f1os de infancia Descubre la ropa m\u00e1s c\u00f3moda y estilosa para que tus hijos disfruten de cada aventura Moda infantil con estilo y comodidad para que tus hijos disfruten al m\u00e1ximo de cada momento Paquita y Esther Emprendedoras En Tres en raya \u00c1vila, nuestra pasi\u00f3n es la moda infantil. Paqui y Esther, dos hermanas [&hellip;]<\/p>","protected":false},"author":1,"featured_media":300,"parent":0,"menu_order":0,"comment_status":"closed","ping_status":"closed","template":"","meta":{"footnotes":""},"class_list":["post-355","page","type-page","status-publish","has-post-thumbnail","hentry"],"_links":{"self":[{"href":"https:\/\/tresenrayaavila.es\/en\/wp-json\/wp\/v2\/pages\/355","targetHints":{"allow":["GET"]}}],"collection":[{"href":"https:\/\/tresenrayaavila.es\/en\/wp-json\/wp\/v2\/pages"}],"about":[{"href":"https:\/\/tresenrayaavila.es\/en\/wp-json\/wp\/v2\/types\/page"}],"author":[{"embeddable":true,"href":"https:\/\/tresenrayaavila.es\/en\/wp-json\/wp\/v2\/users\/1"}],"replies":[{"embeddable":true,"href":"https:\/\/tresenrayaavila.es\/en\/wp-json\/wp\/v2\/comments?post=355"}],"version-history":[{"count":39,"href":"https:\/\/tresenrayaavila.es\/en\/wp-json\/wp\/v2\/pages\/355\/revisions"}],"predecessor-version":[{"id":1419,"href":"https:\/\/tresenrayaavila.es\/en\/wp-json\/wp\/v2\/pages\/355\/revisions\/1419"}],"wp:featuredmedia":[{"embeddable":true,"href":"https:\/\/tresenrayaavila.es\/en\/wp-json\/wp\/v2\/media\/300"}],"wp:attachment":[{"href":"https:\/\/tresenrayaavila.es\/en\/wp-json\/wp\/v2\/media?parent=355"}],"curies":[{"name":"wp","href":"https:\/\/api.w.org\/{rel}","templated":true}]}}